{"id":65,"date":"2019-07-28T08:28:53","date_gmt":"2019-07-28T08:28:53","guid":{"rendered":"https:\/\/jupiterx.artbees.net\/magazine\/?page_id=65"},"modified":"2024-01-31T14:17:48","modified_gmt":"2024-01-31T14:17:48","slug":"de-ce-videochat","status":"publish","type":"page","link":"https:\/\/modeldechat.ro\/en\/de-ce-videochat\/","title":{"rendered":"Why Videochat?"},"content":{"rendered":"<div data-elementor-type=\"wp-post\" data-elementor-id=\"65\" class=\"elementor elementor-65\">\n\t\t\t\t<div class=\"elementor-element elementor-element-aafce7e e-con-full e-flex e-con e-parent\" data-id=\"aafce7e\" data-element_type=\"container\" data-settings=\"{&quot;content_width&quot;:&quot;full&quot;,&quot;background_background&quot;:&quot;classic&quot;,&quot;container_type&quot;:&quot;flex&quot;}\" data-core-v316-plus=\"true\">\n\t\t\t\t<div class=\"elementor-element elementor-element-f0bbf55 elementor-widget elementor-widget-image\" data-id=\"f0bbf55\" data-element_type=\"widget\" data-widget_type=\"image.default\">\n\t\t\t\t<div class=\"elementor-widget-container\">\n\t\t\t\t\t\t\t\t\t\t\t\t\t<img decoding=\"async\" src=\"https:\/\/modeldechat.ro\/wp-content\/uploads\/elementor\/thumbs\/De-ce-videochat-scaled-qfu87p20w5414nc77lcdns35q49krxdpxbddm95wy8.jpg\" title=\"De ce videochat\" alt=\"De ce videochat\" loading=\"lazy\" \/>\t\t\t\t\t\t\t\t\t\t\t\t\t<\/div>\n\t\t\t\t<\/div>\n\t\t\t\t<\/div>\n\t\t<div class=\"elementor-element elementor-element-edbfc00 e-flex e-con-boxed e-con e-parent\" data-id=\"edbfc00\" data-element_type=\"container\" data-settings=\"{&quot;container_type&quot;:&quot;flex&quot;,&quot;content_width&quot;:&quot;boxed&quot;}\" data-core-v316-plus=\"true\">\n\t\t\t\t\t<div class=\"e-con-inner\">\n\t\t\t\t<div class=\"elementor-element elementor-element-ecbd8bc elementor-widget elementor-widget-heading\" data-id=\"ecbd8bc\" data-element_type=\"widget\" data-widget_type=\"heading.default\">\n\t\t\t\t<div class=\"elementor-widget-container\">\n\t\t\t<h1 class=\"elementor-heading-title elementor-size-default\">WHY VIDEOCHAT?<\/h1>\t\t<\/div>\n\t\t\t\t<\/div>\n\t\t\t\t<div class=\"elementor-element elementor-element-e12c9b8 elementor-widget elementor-widget-text-editor\" data-id=\"e12c9b8\" data-element_type=\"widget\" data-widget_type=\"text-editor.default\">\n\t\t\t\t<div class=\"elementor-widget-container\">\n\t\t\t\t\t\t\t<p>The choice to enter the webcam modeling industry can bring numerous advantages and opportunities. Here are some positive reasons to consider this captivating career:<\/p><ul><li><a href=\"https:\/\/adrianflorin.com\" target=\"_blank\" rel=\"noopener\"><strong>Attractive Incomes:<\/strong><\/a> The webcam modeling industry offers the opportunity to earn significant income with flexibility in setting your schedule and control over your own earnings.<\/li><li><strong>Autonomy and Independence:<\/strong> Being a webcam model means building your own online business. You have control over your choices, schedule, and how you develop your career.<\/li><li><strong>Authentic Connections:<\/strong> Webcam modeling allows the building of authentic connections with members of the community. For many, it is a way to connect with people from around the world and create meaningful online relationships.<\/li><li><strong>Exploring Your Own Sexuality:<\/strong> For those open to exploring and expressing their sexuality in a safe and controlled environment, webcam modeling provides a perfect platform.<\/li><li><a href=\"https:\/\/lcmcenter.ro\" target=\"_blank\" rel=\"noopener\"><strong>Personal Development:<\/strong><\/a> Working in webcam modeling brings challenges and opportunities for personal development. You learn communication skills, time management, and discover your own power of seduction.<\/li><\/ul>\t\t\t\t\t\t<\/div>\n\t\t\t\t<\/div>\n\t\t\t\t<div class=\"elementor-element elementor-element-835e48c elementor-widget elementor-widget-image\" data-id=\"835e48c\" data-element_type=\"widget\" data-widget_type=\"image.default\">\n\t\t\t\t<div class=\"elementor-widget-container\">\n\t\t\t\t\t\t\t\t\t\t\t\t\t<img loading=\"lazy\" decoding=\"async\" width=\"1024\" height=\"683\" src=\"https:\/\/modeldechat.ro\/wp-content\/uploads\/2023\/11\/De-ce-videochat-1-1024x683.jpg\" class=\"attachment-large size-large wp-image-1345\" alt=\"De ce videochat 1\" srcset=\"https:\/\/modeldechat.ro\/wp-content\/uploads\/2023\/11\/De-ce-videochat-1-1024x683.jpg 1024w, https:\/\/modeldechat.ro\/wp-content\/uploads\/2023\/11\/De-ce-videochat-1-300x200.jpg 300w, https:\/\/modeldechat.ro\/wp-content\/uploads\/2023\/11\/De-ce-videochat-1-768x512.jpg 768w, https:\/\/modeldechat.ro\/wp-content\/uploads\/2023\/11\/De-ce-videochat-1-1536x1024.jpg 1536w, https:\/\/modeldechat.ro\/wp-content\/uploads\/2023\/11\/De-ce-videochat-1-2048x1365.jpg 2048w, https:\/\/modeldechat.ro\/wp-content\/uploads\/2023\/11\/De-ce-videochat-1-18x12.jpg 18w\" sizes=\"auto, (max-width: 1024px) 100vw, 1024px\" \/>\t\t\t\t\t\t\t\t\t\t\t\t\t<\/div>\n\t\t\t\t<\/div>\n\t\t\t\t<div class=\"elementor-element elementor-element-db87f9a elementor-widget elementor-widget-heading\" data-id=\"db87f9a\" data-element_type=\"widget\" data-widget_type=\"heading.default\">\n\t\t\t\t<div class=\"elementor-widget-container\">\n\t\t\t<h2 class=\"elementor-heading-title elementor-size-default\">HOW TO BUILD A CAREER IN WEBCAM MODELING? <\/h2>\t\t<\/div>\n\t\t\t\t<\/div>\n\t\t\t\t<div class=\"elementor-element elementor-element-0dad5f6 elementor-widget elementor-widget-text-editor\" data-id=\"0dad5f6\" data-element_type=\"widget\" data-widget_type=\"text-editor.default\">\n\t\t\t\t<div class=\"elementor-widget-container\">\n\t\t\t\t\t\t\t<ul><li><strong>Information and Training:<\/strong> Start by educating yourself about the industry and acquiring the necessary knowledge. There are online resources, forums, and blogs that provide useful tips for webcam models.<\/li><li><strong>Choosing a Platform:<\/strong> Analyze the various available webcam modeling platforms and choose one that best suits your needs. Ensure that the platform provides adequate support and fair working conditions.<\/li><li><strong>Building an Attractive Profile:<\/strong> Create an attractive and authentic profile that reflects your personality. Photos and descriptions are essential to attract members and make a positive first impression.<\/li><li><strong>Setting a Consistent Schedule:<\/strong> A consistent work schedule helps you manage your time efficiently and attract loyal members. Consistency is key to building a loyal audience.<\/li><\/ul>\t\t\t\t\t\t<\/div>\n\t\t\t\t<\/div>\n\t\t\t\t<div class=\"elementor-element elementor-element-0b7bc4c elementor-widget elementor-widget-heading\" data-id=\"0b7bc4c\" data-element_type=\"widget\" data-widget_type=\"heading.default\">\n\t\t\t\t<div class=\"elementor-widget-container\">\n\t\t\t<h3 class=\"elementor-heading-title elementor-size-default\">WHY VIDEOCHAT?<\/h3>\t\t<\/div>\n\t\t\t\t<\/div>\n\t\t\t\t<div class=\"elementor-element elementor-element-75a1b72 elementor-widget elementor-widget-text-editor\" data-id=\"75a1b72\" data-element_type=\"widget\" data-widget_type=\"text-editor.default\">\n\t\t\t\t<div class=\"elementor-widget-container\">\n\t\t\t\t\t\t\t<ul><li><a href=\"https:\/\/modeldechat.ro\/en\/\" target=\"_blank\" rel=\"noopener\"><strong>Community Involvement:<\/strong><\/a>\u00a0Participate in the webcam modeling community to share experiences, receive advice, and feel supported. The community can be a valuable source of support and professional connections.<\/li><\/ul><p>By being aware of the benefits and how you can build your career, webcam modeling becomes a positive choice for those seeking personal development opportunities, financial independence, and authentic online connections.<\/p>\t\t\t\t\t\t<\/div>\n\t\t\t\t<\/div>\n\t\t\t\t<div class=\"elementor-element elementor-element-550fa4f elementor-widget elementor-widget-image\" data-id=\"550fa4f\" data-element_type=\"widget\" data-widget_type=\"image.default\">\n\t\t\t\t<div class=\"elementor-widget-container\">\n\t\t\t\t\t\t\t\t\t\t\t\t\t<img loading=\"lazy\" decoding=\"async\" width=\"2048\" height=\"2560\" src=\"https:\/\/modeldechat.ro\/wp-content\/uploads\/2023\/11\/De-ce-videochat-2-scaled.jpg\" class=\"attachment-full size-full wp-image-1346\" alt=\"De ce videochat 2\" srcset=\"https:\/\/modeldechat.ro\/wp-content\/uploads\/2023\/11\/De-ce-videochat-2-scaled.jpg 2048w, https:\/\/modeldechat.ro\/wp-content\/uploads\/2023\/11\/De-ce-videochat-2-240x300.jpg 240w, https:\/\/modeldechat.ro\/wp-content\/uploads\/2023\/11\/De-ce-videochat-2-819x1024.jpg 819w, https:\/\/modeldechat.ro\/wp-content\/uploads\/2023\/11\/De-ce-videochat-2-768x960.jpg 768w, https:\/\/modeldechat.ro\/wp-content\/uploads\/2023\/11\/De-ce-videochat-2-1229x1536.jpg 1229w, https:\/\/modeldechat.ro\/wp-content\/uploads\/2023\/11\/De-ce-videochat-2-1638x2048.jpg 1638w, https:\/\/modeldechat.ro\/wp-content\/uploads\/2023\/11\/De-ce-videochat-2-10x12.jpg 10w\" sizes=\"auto, (max-width: 2048px) 100vw, 2048px\" \/>\t\t\t\t\t\t\t\t\t\t\t\t\t<\/div>\n\t\t\t\t<\/div>\n\t\t\t\t\t<\/div>\n\t\t\t\t<\/div>\n\t\t\t\t<\/div>","protected":false},"excerpt":{"rendered":"<p>DE CE VIDEOCHAT? Alegerea de a intra \u00een industria videochatului poate aduce numeroase avantaje \u0219i oportunit\u0103\u021bi. Iat\u0103 c\u00e2teva motive pozitive pentru a lua \u00een considerare aceast\u0103 carier\u0103 captivant\u0103: Venituri Atractive: Industria videochatului ofer\u0103 posibilitatea de a c\u00e2\u0219tiga venituri considerabile, cu flexibilitate \u00een stabilirea programului \u0219i control asupra propriului c\u00e2\u0219tig. Autonomie \u0219i Independen\u021b\u0103: A fi un [&hellip;]<\/p>","protected":false},"author":1,"featured_media":0,"parent":0,"menu_order":0,"comment_status":"closed","ping_status":"closed","template":"full-width.php","meta":{"_acf_changed":false,"footnotes":""},"class_list":["post-65","page","type-page","status-publish","hentry"],"acf":[],"yoast_head":"<!-- This site is optimized with the Yoast SEO plugin v22.6 - https:\/\/yoast.com\/wordpress\/plugins\/seo\/ -->\n<title>De ce Videochat?<\/title>\n<meta name=\"description\" content=\"De ce Videochat? Videochat-ul ofer\u0103 o conexiune autentic\u0103 \u0219i imediat\u0103 \u00eentre oameni, permi\u021b\u00e2nd exprimarea personalit\u0103\u021bii \u0219i experien\u021ba unic\u0103!\" \/>\n<meta name=\"robots\" content=\"index, follow, max-snippet:-1, max-image-preview:large, max-video-preview:-1\" \/>\n<link rel=\"canonical\" href=\"https:\/\/modeldechat.ro\/en\/de-ce-videochat\/\" \/>\n<meta property=\"og:locale\" content=\"en_US\" \/>\n<meta property=\"og:type\" content=\"article\" \/>\n<meta property=\"og:title\" content=\"De ce Videochat?\" \/>\n<meta property=\"og:description\" content=\"De ce Videochat? Videochat-ul ofer\u0103 o conexiune autentic\u0103 \u0219i imediat\u0103 \u00eentre oameni, permi\u021b\u00e2nd exprimarea personalit\u0103\u021bii \u0219i experien\u021ba unic\u0103!\" \/>\n<meta property=\"og:url\" content=\"https:\/\/modeldechat.ro\/en\/de-ce-videochat\/\" \/>\n<meta property=\"og:site_name\" content=\"Model de Chat\" \/>\n<meta property=\"article:modified_time\" content=\"2024-01-31T14:17:48+00:00\" \/>\n<meta property=\"og:image\" content=\"https:\/\/modeldechat.ro\/wp-content\/uploads\/elementor\/thumbs\/De-ce-videochat-scaled-qfu87p20w5414nc77lcdns35q49krxdpxbddm95wy8.jpg\" \/>\n<meta name=\"twitter:card\" content=\"summary_large_image\" \/>\n<meta name=\"twitter:label1\" content=\"Est. reading time\" \/>\n\t<meta name=\"twitter:data1\" content=\"3 minutes\" \/>\n<script type=\"application\/ld+json\" class=\"yoast-schema-graph\">{\"@context\":\"https:\/\/schema.org\",\"@graph\":[{\"@type\":\"WebPage\",\"@id\":\"https:\/\/modeldechat.ro\/de-ce-videochat\/\",\"url\":\"https:\/\/modeldechat.ro\/de-ce-videochat\/\",\"name\":\"De ce Videochat?\",\"isPartOf\":{\"@id\":\"https:\/\/modeldechat.ro\/#website\"},\"primaryImageOfPage\":{\"@id\":\"https:\/\/modeldechat.ro\/de-ce-videochat\/#primaryimage\"},\"image\":{\"@id\":\"https:\/\/modeldechat.ro\/de-ce-videochat\/#primaryimage\"},\"thumbnailUrl\":\"https:\/\/modeldechat.ro\/wp-content\/uploads\/elementor\/thumbs\/De-ce-videochat-scaled-qfu87p20w5414nc77lcdns35q49krxdpxbddm95wy8.jpg\",\"datePublished\":\"2019-07-28T08:28:53+00:00\",\"dateModified\":\"2024-01-31T14:17:48+00:00\",\"description\":\"De ce Videochat? Videochat-ul ofer\u0103 o conexiune autentic\u0103 \u0219i imediat\u0103 \u00eentre oameni, permi\u021b\u00e2nd exprimarea personalit\u0103\u021bii \u0219i experien\u021ba unic\u0103!\",\"breadcrumb\":{\"@id\":\"https:\/\/modeldechat.ro\/de-ce-videochat\/#breadcrumb\"},\"inLanguage\":\"en-US\",\"potentialAction\":[{\"@type\":\"ReadAction\",\"target\":[\"https:\/\/modeldechat.ro\/de-ce-videochat\/\"]}]},{\"@type\":\"ImageObject\",\"inLanguage\":\"en-US\",\"@id\":\"https:\/\/modeldechat.ro\/de-ce-videochat\/#primaryimage\",\"url\":\"https:\/\/modeldechat.ro\/wp-content\/uploads\/elementor\/thumbs\/De-ce-videochat-scaled-qfu87p20w5414nc77lcdns35q49krxdpxbddm95wy8.jpg\",\"contentUrl\":\"https:\/\/modeldechat.ro\/wp-content\/uploads\/elementor\/thumbs\/De-ce-videochat-scaled-qfu87p20w5414nc77lcdns35q49krxdpxbddm95wy8.jpg\"},{\"@type\":\"BreadcrumbList\",\"@id\":\"https:\/\/modeldechat.ro\/de-ce-videochat\/#breadcrumb\",\"itemListElement\":[{\"@type\":\"ListItem\",\"position\":1,\"name\":\"Home\",\"item\":\"https:\/\/modeldechat.ro\/\"},{\"@type\":\"ListItem\",\"position\":2,\"name\":\"De ce Videochat?\"}]},{\"@type\":\"WebSite\",\"@id\":\"https:\/\/modeldechat.ro\/#website\",\"url\":\"https:\/\/modeldechat.ro\/\",\"name\":\"Model de Chat\",\"description\":\"#PentruModele\",\"potentialAction\":[{\"@type\":\"SearchAction\",\"target\":{\"@type\":\"EntryPoint\",\"urlTemplate\":\"https:\/\/modeldechat.ro\/?s={search_term_string}\"},\"query-input\":\"required name=search_term_string\"}],\"inLanguage\":\"en-US\"}]}<\/script>\n<!-- \/ Yoast SEO plugin. -->","yoast_head_json":{"title":"De ce Videochat?","description":"De ce Videochat? Videochat-ul ofer\u0103 o conexiune autentic\u0103 \u0219i imediat\u0103 \u00eentre oameni, permi\u021b\u00e2nd exprimarea personalit\u0103\u021bii \u0219i experien\u021ba unic\u0103!","robots":{"index":"index","follow":"follow","max-snippet":"max-snippet:-1","max-image-preview":"max-image-preview:large","max-video-preview":"max-video-preview:-1"},"canonical":"https:\/\/modeldechat.ro\/en\/de-ce-videochat\/","og_locale":"en_US","og_type":"article","og_title":"De ce Videochat?","og_description":"De ce Videochat? Videochat-ul ofer\u0103 o conexiune autentic\u0103 \u0219i imediat\u0103 \u00eentre oameni, permi\u021b\u00e2nd exprimarea personalit\u0103\u021bii \u0219i experien\u021ba unic\u0103!","og_url":"https:\/\/modeldechat.ro\/en\/de-ce-videochat\/","og_site_name":"Model de Chat","article_modified_time":"2024-01-31T14:17:48+00:00","og_image":[{"url":"https:\/\/modeldechat.ro\/wp-content\/uploads\/elementor\/thumbs\/De-ce-videochat-scaled-qfu87p20w5414nc77lcdns35q49krxdpxbddm95wy8.jpg"}],"twitter_card":"summary_large_image","twitter_misc":{"Est. reading time":"3 minutes"},"schema":{"@context":"https:\/\/schema.org","@graph":[{"@type":"WebPage","@id":"https:\/\/modeldechat.ro\/de-ce-videochat\/","url":"https:\/\/modeldechat.ro\/de-ce-videochat\/","name":"De ce Videochat?","isPartOf":{"@id":"https:\/\/modeldechat.ro\/#website"},"primaryImageOfPage":{"@id":"https:\/\/modeldechat.ro\/de-ce-videochat\/#primaryimage"},"image":{"@id":"https:\/\/modeldechat.ro\/de-ce-videochat\/#primaryimage"},"thumbnailUrl":"https:\/\/modeldechat.ro\/wp-content\/uploads\/elementor\/thumbs\/De-ce-videochat-scaled-qfu87p20w5414nc77lcdns35q49krxdpxbddm95wy8.jpg","datePublished":"2019-07-28T08:28:53+00:00","dateModified":"2024-01-31T14:17:48+00:00","description":"De ce Videochat? Videochat-ul ofer\u0103 o conexiune autentic\u0103 \u0219i imediat\u0103 \u00eentre oameni, permi\u021b\u00e2nd exprimarea personalit\u0103\u021bii \u0219i experien\u021ba unic\u0103!","breadcrumb":{"@id":"https:\/\/modeldechat.ro\/de-ce-videochat\/#breadcrumb"},"inLanguage":"en-US","potentialAction":[{"@type":"ReadAction","target":["https:\/\/modeldechat.ro\/de-ce-videochat\/"]}]},{"@type":"ImageObject","inLanguage":"en-US","@id":"https:\/\/modeldechat.ro\/de-ce-videochat\/#primaryimage","url":"https:\/\/modeldechat.ro\/wp-content\/uploads\/elementor\/thumbs\/De-ce-videochat-scaled-qfu87p20w5414nc77lcdns35q49krxdpxbddm95wy8.jpg","contentUrl":"https:\/\/modeldechat.ro\/wp-content\/uploads\/elementor\/thumbs\/De-ce-videochat-scaled-qfu87p20w5414nc77lcdns35q49krxdpxbddm95wy8.jpg"},{"@type":"BreadcrumbList","@id":"https:\/\/modeldechat.ro\/de-ce-videochat\/#breadcrumb","itemListElement":[{"@type":"ListItem","position":1,"name":"Home","item":"https:\/\/modeldechat.ro\/"},{"@type":"ListItem","position":2,"name":"De ce Videochat?"}]},{"@type":"WebSite","@id":"https:\/\/modeldechat.ro\/#website","url":"https:\/\/modeldechat.ro\/","name":"Model de Chat","description":"#PentruModele","potentialAction":[{"@type":"SearchAction","target":{"@type":"EntryPoint","urlTemplate":"https:\/\/modeldechat.ro\/?s={search_term_string}"},"query-input":"required name=search_term_string"}],"inLanguage":"en-US"}]}},"_links":{"self":[{"href":"https:\/\/modeldechat.ro\/en\/wp-json\/wp\/v2\/pages\/65","targetHints":{"allow":["GET"]}}],"collection":[{"href":"https:\/\/modeldechat.ro\/en\/wp-json\/wp\/v2\/pages"}],"about":[{"href":"https:\/\/modeldechat.ro\/en\/wp-json\/wp\/v2\/types\/page"}],"author":[{"embeddable":true,"href":"https:\/\/modeldechat.ro\/en\/wp-json\/wp\/v2\/users\/1"}],"replies":[{"embeddable":true,"href":"https:\/\/modeldechat.ro\/en\/wp-json\/wp\/v2\/comments?post=65"}],"version-history":[{"count":43,"href":"https:\/\/modeldechat.ro\/en\/wp-json\/wp\/v2\/pages\/65\/revisions"}],"predecessor-version":[{"id":2120,"href":"https:\/\/modeldechat.ro\/en\/wp-json\/wp\/v2\/pages\/65\/revisions\/2120"}],"wp:attachment":[{"href":"https:\/\/modeldechat.ro\/en\/wp-json\/wp\/v2\/media?parent=65"}],"curies":[{"name":"wp","href":"https:\/\/api.w.org\/{rel}","templated":true}]}}